{"id":2114,"date":"2022-04-20T18:31:04","date_gmt":"2022-04-20T23:31:04","guid":{"rendered":"https:\/\/dreamyperu.com\/?page_id=2114"},"modified":"2022-04-20T18:55:23","modified_gmt":"2022-04-20T23:55:23","slug":"metodos-de-pago","status":"publish","type":"page","link":"https:\/\/dreamyperu.com\/es\/metodos-de-pago\/","title":{"rendered":"Metodos de Pago"},"content":{"rendered":"\n<p id=\"h-dreamy-tours-trabaja-bajo-los-est-ndares-de-calidad-en-los-servicios-cuenta-con-los-mejores-paquetes-tur-sticos-en-todo-el-per-y-bolivia-y-con-un-portafolio-de-profesionales-abocados-a-la-atenci-n-al-cliente-para-poder-brindarle-una-mejor-experiencia-y-pensando-en-su-seguridad-y-comodidad-ponemos-a-su-disposici-n-los-siguientes-m-todos-de-pago\">Dreamy Peru, Trabaja bajo los est\u00e1ndares de calidad en los servicios, cuenta con los mejores paquetes tur\u00edsticos en todo el Per\u00fa, y con un portafolio de profesionales abocados a la atenci\u00f3n al cliente, Para poder brindarle una mejor experiencia y pensando en su seguridad y comodidad, ponemos a su disposici\u00f3n los siguientes m\u00e9todos de pago.<\/p>\n\n\n\n<p>Toda reserva ser\u00e1 confirmada despu\u00e9s de haber realizado un dep\u00f3sito (50%) del importe total por persona.<\/p>\n\n\n\n<p>El monto restante del saldo, deber\u00e1 ser cancelado con 5 d\u00edas de anticipaci\u00f3n andes de su llegada.<\/p>\n\n\n\n<p><em><strong>Toda solicitud de reserva se responder\u00e1 por la misma v\u00eda dentro de las 48 horas como m\u00e1ximo, tambi\u00e9n puede comunicarse al:<\/strong><\/em><\/p>\n\n\n\n<ul class=\"wp-block-list\"><li><strong>WhatsApp:<\/strong>&nbsp;+51 969 787221 (24 Hrs)<\/li><\/ul>\n\n\n\n<div class=\"wp-block-group p-3 my-10 has-white-background-color has-background\"><div class=\"wp-block-group__inner-container is-layout-flow wp-block-group-is-layout-flow\">\n<div class=\"wp-block-image\"><figure class=\"alignleft size-full\"><img loading=\"lazy\" decoding=\"async\" width=\"513\" height=\"150\" src=\"https:\/\/dreamyperu.com\/wp-content\/uploads\/paypal-imagen.jpg\" alt=\"\" class=\"wp-image-2145\"\/><\/figure><\/div>\n\n\n\n<h3 class=\"wp-block-heading\" style=\"font-size:24px\">PAYPAL<\/h3>\n\n\n\n<p>Todos los pagos via Paypal est\u00e1n sujetas a una\u00a0<strong>comisi\u00f3n adicional del 8%<\/strong><\/p>\n\n\n\n<p>&#8212;&#8212;&#8212;&#8212;&#8212;&#8212;&#8212;&#8212;&#8212;&#8212;&#8212;&#8212;&#8212;&#8212;&#8212;&#8212;&#8212;&#8212;&#8212;<\/p>\n\n\n\n<form action=\"https:\/\/www.paypal.com\/cgi-bin\/webscr\" method=\"post\" target=\"_top\">\n<input type=\"hidden\" name=\"cmd\" value=\"_s-xclick\">\n<input type=\"hidden\" name=\"hosted_button_id\" value=\"T747AP98TB6ML\">\n<input type=\"image\" src=\"https:\/\/www.paypalobjects.com\/en_US\/i\/btn\/btn_paynowCC_LG.gif\" border=\"0\" name=\"submit\" alt=\"PayPal - The safer, easier way to pay online!\">\n<img loading=\"lazy\" decoding=\"async\" alt=\"\" border=\"0\" src=\"https:\/\/www.paypalobjects.com\/es_XC\/i\/scr\/pixel.gif\" width=\"1\" height=\"1\">\n<\/form>\n\n<\/div><\/div>\n\n\n\n<div class=\"wp-block-group p-3 my-10 has-background\" style=\"background-color:#f5f5f5\"><div class=\"wp-block-group__inner-container is-layout-flow wp-block-group-is-layout-flow\">\n<div class=\"wp-block-image\"><figure class=\"alignleft size-full\"><img loading=\"lazy\" decoding=\"async\" width=\"513\" height=\"150\" src=\"https:\/\/dreamyperu.com\/wp-content\/uploads\/bcp-azul.jpg\" alt=\"\" class=\"wp-image-2118\"\/><\/figure><\/div>\n\n\n\n<h3 class=\"wp-block-heading\" style=\"font-size:24px\">Pago por Banco Central del Peru BCP<\/h3>\n\n\n\n<ul class=\"wp-block-list\"><li><strong><strong>Cuenta Ahorros en D\u00f3lares:<\/strong><\/strong> No. 285-2426849-1-21<\/li><li><strong>CCI<\/strong>: 00228500242684912154<\/li><li><strong>A nombre de:<\/strong> INVERSIONES CM TOURS<\/li><li><strong>Direcci\u00f3n:<\/strong> Av. El Sol 189 Cusco \u2013 Per\u00fa<\/li><\/ul>\n<\/div><\/div>\n\n\n\n<div class=\"wp-block-group p-3 my-10 has-white-background-color has-background\"><div class=\"wp-block-group__inner-container is-layout-flow wp-block-group-is-layout-flow\">\n<div class=\"wp-block-image\"><figure class=\"alignleft size-full\"><img loading=\"lazy\" decoding=\"async\" width=\"513\" height=\"150\" src=\"https:\/\/dreamyperu.com\/wp-content\/uploads\/interbank-verde.jpg\" alt=\"\" class=\"wp-image-2140\"\/><\/figure><\/div>\n\n\n\n<h3 class=\"wp-block-heading\" style=\"font-size:24px\">INTERBANK<\/h3>\n\n\n\n<ul class=\"wp-block-list\"><li><strong><strong>Cuenta Ahorros en D\u00f3lares:<\/strong><\/strong> No. 431-3232794876<\/li><li><strong>CCI<\/strong>: 003-431-013232794876-47<\/li><li><strong>A nombre de:<\/strong> INVERSIONES CM TOURS<\/li><li><strong>Direcci\u00f3n:<\/strong> Av. El Sol 189 Cusco \u2013 Per\u00fa<\/li><\/ul>\n<\/div><\/div>\n","protected":false},"excerpt":{"rendered":"<p>Dreamy Peru, Trabaja bajo los est\u00e1ndares de calidad en los servicios, cuenta con los mejores [&hellip;]<\/p>\n","protected":false},"author":2,"featured_media":0,"parent":0,"menu_order":0,"comment_status":"closed","ping_status":"closed","template":"","meta":{"_acf_changed":false,"advgb_blocks_editor_width":"","advgb_blocks_columns_visual_guide":"","footnotes":""},"class_list":["post-2114","page","type-page","status-publish","hentry"],"acf":[],"coauthors":[],"author_meta":{"author_link":"https:\/\/dreamyperu.com\/es\/author\/admin_editor\/","display_name":"Editor"},"relative_dates":{"created":"Publicado 4 a\u00f1os hace","modified":"Actualizado 4 a\u00f1os hace"},"absolute_dates":{"created":"Publicado el 20 abril, 2022","modified":"Actualizado el 20 abril, 2022"},"absolute_dates_time":{"created":"Publicado el 20 abril, 2022 6:31 pm","modified":"Actualizado el 20 abril, 2022 6:55 pm"},"featured_img_caption":"","featured_img":false,"series_order":"","_links":{"self":[{"href":"https:\/\/dreamyperu.com\/es\/wp-json\/wp\/v2\/pages\/2114","targetHints":{"allow":["GET"]}}],"collection":[{"href":"https:\/\/dreamyperu.com\/es\/wp-json\/wp\/v2\/pages"}],"about":[{"href":"https:\/\/dreamyperu.com\/es\/wp-json\/wp\/v2\/types\/page"}],"author":[{"embeddable":true,"href":"https:\/\/dreamyperu.com\/es\/wp-json\/wp\/v2\/users\/2"}],"replies":[{"embeddable":true,"href":"https:\/\/dreamyperu.com\/es\/wp-json\/wp\/v2\/comments?post=2114"}],"version-history":[{"count":22,"href":"https:\/\/dreamyperu.com\/es\/wp-json\/wp\/v2\/pages\/2114\/revisions"}],"predecessor-version":[{"id":2154,"href":"https:\/\/dreamyperu.com\/es\/wp-json\/wp\/v2\/pages\/2114\/revisions\/2154"}],"wp:attachment":[{"href":"https:\/\/dreamyperu.com\/es\/wp-json\/wp\/v2\/media?parent=2114"}],"curies":[{"name":"wp","href":"https:\/\/api.w.org\/{rel}","templated":true}]}}