{"id":252,"date":"2022-01-10T12:58:58","date_gmt":"2022-01-10T17:58:58","guid":{"rendered":"https:\/\/dreamyperu.com\/?page_id=252"},"modified":"2022-04-23T11:45:45","modified_gmt":"2022-04-23T16:45:45","slug":"sobre-nosotros","status":"publish","type":"page","link":"https:\/\/dreamyperu.com\/es\/sobre-nosotros\/","title":{"rendered":"Sobre Nosotros"},"content":{"rendered":"\n<div class=\"wp-block-image\"><figure class=\"alignleft size-full is-resized\"><img loading=\"lazy\" decoding=\"async\" src=\"https:\/\/dreamyperu.com\/wp-content\/uploads\/machu-picchu-dreamy-t22dp.jpg\" alt=\"\" class=\"wp-image-1291\" width=\"207\" height=\"257\"\/><\/figure><\/div>\n\n\n\n<p style=\"font-size:18px\">Ciudades imponentes, naturaleza impresionante y cultura fascinante lo esperan en Am\u00e9rica Latina. Deje que nuestro equipo de profesionales de viajes lo lleve all\u00ed en un emocionante paquete tur\u00edstico que se ha adaptado a sus preferencias e intereses especiales. Genera recuerdos inolvidables, desde actividades en familia, una luna de miel rom\u00e1ntica, unas vacaciones de lujo, una aventura de trekking &amp; caminatas, disfruta de una experiencia en la naturaleza.<\/p>\n\n\n\n<h2 class=\"wp-block-heading\">\u00bfPOR QU\u00c9 NOSOTROS?<\/h2>\n\n\n\n<p style=\"font-size:18px\"><strong>DREAMY PERU<\/strong>, se caracteriza por garantizar viajes a medida y brindar las mejores opciones de tours y paquetes tur\u00edsticos a nivel nacional, Cumplimos los m\u00e1s altos est\u00e1ndares de seguridad, puntualidad, confiabilidad, excelencia operativa y calidad de servicio.<\/p>\n\n\n\n<p style=\"font-size:18px\">Nuestro compromiso, es coadyuvar a nuestras comunidades locales para contribuir a un desarrollo tur\u00edstico sostenible.<\/p>\n\n\n\n<div class=\"wp-block-columns my-5 bg-gray-200 p-3 is-layout-flex wp-container-core-columns-is-layout-9d6595d7 wp-block-columns-is-layout-flex\">\n<div class=\"wp-block-column is-layout-flow wp-block-column-is-layout-flow\">\n<div class=\"wp-block-image\"><figure class=\"alignleft size-full is-resized\"><img loading=\"lazy\" decoding=\"async\" src=\"https:\/\/dreamyperu.com\/wp-content\/uploads\/mision.png\" alt=\"\" class=\"wp-image-1473\" width=\"121\" height=\"119\"\/><\/figure><\/div>\n\n\n\n<h3 class=\"wp-block-heading\">MISION <\/h3>\n\n\n\n<p>Es brindar el mejor servicio para lograr la plena satisfacci\u00f3n de nuestros clientes.&nbsp; nuestro equipo de profesionales calificados crea viajes personalizados basados en los sue\u00f1os y deseos de nuestros visitantes.<\/p>\n<\/div>\n\n\n\n<div class=\"wp-block-column is-layout-flow wp-block-column-is-layout-flow\">\n<div class=\"wp-block-image\"><figure class=\"alignright size-full is-resized\"><img loading=\"lazy\" decoding=\"async\" src=\"https:\/\/dreamyperu.com\/wp-content\/uploads\/vision.png\" alt=\"\" class=\"wp-image-1475\" width=\"121\" height=\"119\"\/><\/figure><\/div>\n\n\n\n<h3 class=\"wp-block-heading\"> MISION  <\/h3>\n\n\n\n<p>Ser reconocidos por la excelencia de los servicios prestados y el inter\u00e9s de nuestros clientes en permanecer leales a nuestra empresa, por lograr la plena satisfacci\u00f3n en sus viajes so\u00f1ados. <\/p>\n<\/div>\n<\/div>\n","protected":false},"excerpt":{"rendered":"<p>Ciudades imponentes, naturaleza impresionante y cultura fascinante lo esperan en Am\u00e9rica Latina. Deje que nuestro [&hellip;]<\/p>\n","protected":false},"author":1,"featured_media":0,"parent":0,"menu_order":0,"comment_status":"closed","ping_status":"closed","template":"page-about.php","meta":{"_acf_changed":false,"advgb_blocks_editor_width":"","advgb_blocks_columns_visual_guide":"","footnotes":""},"class_list":["post-252","page","type-page","status-publish","hentry"],"acf":[],"coauthors":[],"author_meta":{"author_link":"https:\/\/dreamyperu.com\/es\/author\/admin_dp\/","display_name":"admin_dp"},"relative_dates":{"created":"Publicado 4 a\u00f1os hace","modified":"Actualizado 4 a\u00f1os hace"},"absolute_dates":{"created":"Publicado el 10 enero, 2022","modified":"Actualizado el 23 abril, 2022"},"absolute_dates_time":{"created":"Publicado el 10 enero, 2022 12:58 pm","modified":"Actualizado el 23 abril, 2022 11:45 am"},"featured_img_caption":"","featured_img":false,"series_order":"","_links":{"self":[{"href":"https:\/\/dreamyperu.com\/es\/wp-json\/wp\/v2\/pages\/252","targetHints":{"allow":["GET"]}}],"collection":[{"href":"https:\/\/dreamyperu.com\/es\/wp-json\/wp\/v2\/pages"}],"about":[{"href":"https:\/\/dreamyperu.com\/es\/wp-json\/wp\/v2\/types\/page"}],"author":[{"embeddable":true,"href":"https:\/\/dreamyperu.com\/es\/wp-json\/wp\/v2\/users\/1"}],"replies":[{"embeddable":true,"href":"https:\/\/dreamyperu.com\/es\/wp-json\/wp\/v2\/comments?post=252"}],"version-history":[{"count":1,"href":"https:\/\/dreamyperu.com\/es\/wp-json\/wp\/v2\/pages\/252\/revisions"}],"predecessor-version":[{"id":2166,"href":"https:\/\/dreamyperu.com\/es\/wp-json\/wp\/v2\/pages\/252\/revisions\/2166"}],"wp:attachment":[{"href":"https:\/\/dreamyperu.com\/es\/wp-json\/wp\/v2\/media?parent=252"}],"curies":[{"name":"wp","href":"https:\/\/api.w.org\/{rel}","templated":true}]}}