{"id":2402,"date":"2026-02-26T14:56:57","date_gmt":"2026-02-26T19:56:57","guid":{"rendered":"https:\/\/dreamyperu.com\/?page_id=2402"},"modified":"2026-03-09T16:41:49","modified_gmt":"2026-03-09T21:41:49","slug":"inicio","status":"publish","type":"page","link":"https:\/\/dreamyperu.com\/pt-br\/","title":{"rendered":"Inicio"},"content":{"rendered":"\n<div class=\"wp-block-columns is-layout-flex wp-container-core-columns-is-layout-9d6595d7 wp-block-columns-is-layout-flex\">\n<div class=\"wp-block-column is-layout-flow wp-block-column-is-layout-flow\">\n<p>Dreamy Peru, Peru dos Sonhos: Cidades impressionantes, natureza deslumbrante e cultura fascinante esperam por si na<strong> Am\u00e9rica Latina.<\/strong><\/p>\n\n\n\n<p>Deixe que a nossa equipa de profissionais de viagens o(a) leve at\u00e9 l\u00e1 com um pacote tur\u00edstico emocionante, personalizado de acordo com as suas prefer\u00eancias e interesses.<\/p>\n\n\n\n<p>Crie mem\u00f3rias inesquec\u00edveis, desde <strong>atividades em fam\u00edlia e luas-de-mel rom\u00e2nticas a f\u00e9rias de luxo e aventuras de trekking<\/strong>, <strong>Peru <\/strong>\u00e9 um pa\u00eds repleto de hist\u00f3ria, natureza e cultura que simplesmente n\u00e3o pode perder.<\/p>\n\n\n\n<div style=\"height:16px\" aria-hidden=\"true\" class=\"wp-block-spacer\"><\/div>\n\n\n\n<div class=\"wp-block-advgb-button alignleft is-style-outlined\"><a class=\"wp-block-advgb-button_link advgbbtn-65a72b17-7778-4881-8fb1-a7c9470e830d\" href=\"#\" target=\"_blank\" rel=\"noopener noreferrer\"><span>Sobre N\u00f3s <\/span><\/a><\/div>\n<\/div>\n\n\n\n<div class=\"wp-block-column is-layout-flow wp-block-column-is-layout-flow\">\n<iframe loading=\"lazy\" src=\"https:\/\/www.youtube.com\/embed\/CORaeUpNFIc\" title=\"YouTube video player\" allow=\"accelerometer; autoplay; clipboard-write; encrypted-media; gyroscope; picture-in-picture\" allowfullscreen=\"\" width=\"100%\" height=\"315\" frameborder=\"0\"><\/iframe>\n<\/div>\n<\/div>\n<style class=\"advgb-styles-renderer\">.advgbbtn-65a72b17-7778-4881-8fb1-a7c9470e830d{font-size:18px;color:#000000 !important;background-color:#2196f3 !important;margin:0px 0px 0px 0px !important;padding:10px 30px 10px 30px;border-width:1px !important;border-style:none;border-radius:10px !important;}.advgbbtn-65a72b17-7778-4881-8fb1-a7c9470e830d:hover{box-shadow:1px 1px 12px 0px #ccc;opacity:1;transition:all 0.2s ease;}.advgbbtn-65a72b17-7778-4881-8fb1-a7c9470e830d > i {display: none !important;}.advgbbtn-65a72b17-7778-4881-8fb1-a7c9470e830d{font-size:18px;color:#000000 !important;background-color:#2196f3 !important;margin:0px 0px 0px 0px !important;padding:10px 30px 10px 30px;border-width:1px !important;border-style:none;border-radius:10px !important;}.advgbbtn-65a72b17-7778-4881-8fb1-a7c9470e830d:hover{box-shadow:1px 1px 12px 0px #ccc;opacity:1;transition:all 0.2s ease;}.advgbbtn-65a72b17-7778-4881-8fb1-a7c9470e830d > i {display: none !important;}.advgbbtn-65a72b17-7778-4881-8fb1-a7c9470e830d{font-size:18px;color:#000000 !important;background-color:#2196f3 !important;margin:0px 0px 0px 0px !important;padding:10px 30px 10px 30px;border-width:1px !important;border-style:none;border-radius:10px !important;}.advgbbtn-65a72b17-7778-4881-8fb1-a7c9470e830d:hover{box-shadow:1px 1px 12px 0px #ccc;opacity:1;transition:all 0.2s ease;}.advgbbtn-65a72b17-7778-4881-8fb1-a7c9470e830d > i {display: none !important;}<\/style>","protected":false},"excerpt":{"rendered":"<p>Dreamy Peru, Peru dos Sonhos: Cidades impressionantes, natureza deslumbrante e cultura fascinante esperam por si [&hellip;]<\/p>\n","protected":false},"author":3,"featured_media":0,"parent":0,"menu_order":0,"comment_status":"closed","ping_status":"closed","template":"","meta":{"_acf_changed":false,"advgb_blocks_editor_width":"","advgb_blocks_columns_visual_guide":"","footnotes":""},"class_list":["post-2402","page","type-page","status-publish","hentry"],"acf":[],"coauthors":[],"author_meta":{"author_link":"https:\/\/dreamyperu.com\/pt-br\/author\/admin_web\/","display_name":"admin_web"},"relative_dates":{"created":"Publicado 2 meses atr\u00e1s","modified":"Atualizado 1 m\u00eas atr\u00e1s"},"absolute_dates":{"created":"Publicado em 26 fevereiro, 2026","modified":"Atualizado em 9 mar\u00e7o, 2026"},"absolute_dates_time":{"created":"Publicado em 26 fevereiro, 2026 2:56 pm","modified":"Atualizado em 9 mar\u00e7o, 2026 4:41 pm"},"featured_img_caption":"","featured_img":false,"series_order":"","_links":{"self":[{"href":"https:\/\/dreamyperu.com\/pt-br\/wp-json\/wp\/v2\/pages\/2402","targetHints":{"allow":["GET"]}}],"collection":[{"href":"https:\/\/dreamyperu.com\/pt-br\/wp-json\/wp\/v2\/pages"}],"about":[{"href":"https:\/\/dreamyperu.com\/pt-br\/wp-json\/wp\/v2\/types\/page"}],"author":[{"embeddable":true,"href":"https:\/\/dreamyperu.com\/pt-br\/wp-json\/wp\/v2\/users\/3"}],"replies":[{"embeddable":true,"href":"https:\/\/dreamyperu.com\/pt-br\/wp-json\/wp\/v2\/comments?post=2402"}],"version-history":[{"count":21,"href":"https:\/\/dreamyperu.com\/pt-br\/wp-json\/wp\/v2\/pages\/2402\/revisions"}],"predecessor-version":[{"id":2656,"href":"https:\/\/dreamyperu.com\/pt-br\/wp-json\/wp\/v2\/pages\/2402\/revisions\/2656"}],"wp:attachment":[{"href":"https:\/\/dreamyperu.com\/pt-br\/wp-json\/wp\/v2\/media?parent=2402"}],"curies":[{"name":"wp","href":"https:\/\/api.w.org\/{rel}","templated":true}]}}