{"id":2482,"date":"2026-02-26T16:22:33","date_gmt":"2026-02-26T21:22:33","guid":{"rendered":"https:\/\/dreamyperu.com\/?page_id=2482"},"modified":"2026-02-26T17:29:02","modified_gmt":"2026-02-26T22:29:02","slug":"sobre-nos","status":"publish","type":"page","link":"https:\/\/dreamyperu.com\/pt-br\/sobre-nos\/","title":{"rendered":"Sobre Nos"},"content":{"rendered":"<div class=\"wp-block-image is-resized\">\n<figure class=\"alignleft size-full\"><img loading=\"lazy\" decoding=\"async\" width=\"480\" height=\"598\" src=\"https:\/\/dreamyperu.com\/wp-content\/uploads\/machu-picchu-dreamy-t22dp.jpg\" alt=\"\" class=\"wp-image-1291\"\/><\/figure>\n<\/div>\n\n\n<p style=\"font-size:18px\">Cidades impressionantes, natureza deslumbrante e cultura fascinante esperam por voc\u00ea na Am\u00e9rica Latina. Deixe nossa equipe de profissionais de viagens lev\u00e1-lo(a) at\u00e9 l\u00e1 com um pacote tur\u00edstico emocionante, personalizado de acordo com suas prefer\u00eancias e interesses. Crie mem\u00f3rias inesquec\u00edveis, desde atividades em fam\u00edlia e luas de mel rom\u00e2nticas at\u00e9 f\u00e9rias de luxo, trilhas e aventuras em meio \u00e0 natureza.<\/p>\n\n\n\n<h2 class=\"wp-block-heading\">Porque N\u00f3s?<\/h2>\n\n\n\n<p style=\"font-size:18px\"><strong>DREAMY PERU<\/strong>, Somos reconhecidos por oferecer viagens personalizadas e os melhores pacotes tur\u00edsticos em todo o pa\u00eds. Mantemos os mais altos padr\u00f5es de seguran\u00e7a, pontualidade, confiabilidade, excel\u00eancia operacional e qualidade de servi\u00e7o.<\/p>\n\n\n\n<p style=\"font-size:18px\">Nosso compromisso \u00e9 apoiar as comunidades locais e contribuir para o desenvolvimento do turismo sustent\u00e1vel.<\/p>\n\n\n\n<div class=\"wp-block-columns my-5 bg-gray-200 p-3 is-layout-flex wp-container-core-columns-is-layout-9d6595d7 wp-block-columns-is-layout-flex\">\n<div class=\"wp-block-column is-layout-flow wp-block-column-is-layout-flow\"><div class=\"wp-block-image is-resized\">\n<figure class=\"alignleft size-full\"><img loading=\"lazy\" decoding=\"async\" width=\"235\" height=\"231\" src=\"https:\/\/dreamyperu.com\/wp-content\/uploads\/mision.png\" alt=\"\" class=\"wp-image-1473\"\/><\/figure>\n<\/div>\n\n\n<h3 class=\"wp-block-heading\">MISS\u00c3O<\/h3>\n\n\n\n<p>Nosso objetivo \u00e9 oferecer o melhor servi\u00e7o para alcan\u00e7ar a total satisfa\u00e7\u00e3o do cliente. Nossa equipe de profissionais qualificados cria viagens personalizadas com base nos sonhos e desejos de nossos visitantes.<\/p>\n<\/div>\n\n\n\n<div class=\"wp-block-column is-layout-flow wp-block-column-is-layout-flow\"><div class=\"wp-block-image is-resized\">\n<figure class=\"alignright size-full\"><img loading=\"lazy\" decoding=\"async\" width=\"238\" height=\"236\" src=\"https:\/\/dreamyperu.com\/wp-content\/uploads\/vision.png\" alt=\"\" class=\"wp-image-1475\"\/><\/figure>\n<\/div>\n\n\n<h3 class=\"wp-block-heading\"> MISS\u00c3O<\/h3>\n\n\n\n<p>Ser reconhecidos pela excel\u00eancia dos servi\u00e7os prestados e pelo interesse dos nossos clientes em permanecerem fi\u00e9is \u00e0 nossa empresa, para que alcancem a plena satisfa\u00e7\u00e3o nas suas viagens de sonho.<\/p>\n<\/div>\n<\/div>\n","protected":false},"excerpt":{"rendered":"<p>Cidades impressionantes, natureza deslumbrante e cultura fascinante esperam por voc\u00ea na Am\u00e9rica Latina. Deixe nossa [&hellip;]<\/p>\n","protected":false},"author":3,"featured_media":0,"parent":0,"menu_order":0,"comment_status":"closed","ping_status":"closed","template":"page-about.php","meta":{"_acf_changed":false,"advgb_blocks_editor_width":"","advgb_blocks_columns_visual_guide":"","footnotes":""},"class_list":["post-2482","page","type-page","status-publish","hentry"],"acf":[],"coauthors":[],"author_meta":{"author_link":"https:\/\/dreamyperu.com\/pt-br\/author\/admin_web\/","display_name":"admin_web"},"relative_dates":{"created":"Publicado 1 m\u00eas atr\u00e1s","modified":"Atualizado 1 m\u00eas atr\u00e1s"},"absolute_dates":{"created":"Publicado em 26 fevereiro, 2026","modified":"Atualizado em 26 fevereiro, 2026"},"absolute_dates_time":{"created":"Publicado em 26 fevereiro, 2026 4:22 pm","modified":"Atualizado em 26 fevereiro, 2026 5:29 pm"},"featured_img_caption":"","featured_img":false,"series_order":"","_links":{"self":[{"href":"https:\/\/dreamyperu.com\/pt-br\/wp-json\/wp\/v2\/pages\/2482","targetHints":{"allow":["GET"]}}],"collection":[{"href":"https:\/\/dreamyperu.com\/pt-br\/wp-json\/wp\/v2\/pages"}],"about":[{"href":"https:\/\/dreamyperu.com\/pt-br\/wp-json\/wp\/v2\/types\/page"}],"author":[{"embeddable":true,"href":"https:\/\/dreamyperu.com\/pt-br\/wp-json\/wp\/v2\/users\/3"}],"replies":[{"embeddable":true,"href":"https:\/\/dreamyperu.com\/pt-br\/wp-json\/wp\/v2\/comments?post=2482"}],"version-history":[{"count":7,"href":"https:\/\/dreamyperu.com\/pt-br\/wp-json\/wp\/v2\/pages\/2482\/revisions"}],"predecessor-version":[{"id":2496,"href":"https:\/\/dreamyperu.com\/pt-br\/wp-json\/wp\/v2\/pages\/2482\/revisions\/2496"}],"wp:attachment":[{"href":"https:\/\/dreamyperu.com\/pt-br\/wp-json\/wp\/v2\/media?parent=2482"}],"curies":[{"name":"wp","href":"https:\/\/api.w.org\/{rel}","templated":true}]}}