{"id":2529,"date":"2026-02-27T17:40:12","date_gmt":"2026-02-27T22:40:12","guid":{"rendered":"https:\/\/dreamyperu.com\/?page_id=2529"},"modified":"2026-03-02T15:46:05","modified_gmt":"2026-03-02T20:46:05","slug":"metodos-pagamento","status":"publish","type":"page","link":"https:\/\/dreamyperu.com\/pt-br\/metodos-pagamento\/","title":{"rendered":"Metodos de Pagamento"},"content":{"rendered":"\n<p id=\"h-dreamy-tours-trabaja-bajo-los-est-ndares-de-calidad-en-los-servicios-cuenta-con-los-mejores-paquetes-tur-sticos-en-todo-el-per-y-bolivia-y-con-un-portafolio-de-profesionales-abocados-a-la-atenci-n-al-cliente-para-poder-brindarle-una-mejor-experiencia-y-pensando-en-su-seguridad-y-comodidad-ponemos-a-su-disposici-n-los-siguientes-m-todos-de-pago\"><strong>Dreamy Peru<\/strong>, Operamos com elevados padr\u00f5es de qualidade, oferecemos os melhores pacotes tur\u00edsticos de todo o Peru e contamos com uma equipa de profissionais dedicados ao servi\u00e7o ao cliente. Para lhe proporcionar uma experi\u00eancia ainda melhor, a pensar na sua seguran\u00e7a e conforto, disponibilizamos as seguintes formas de pagamento.<\/p>\n\n\n\n<p>Todas as reservas ser\u00e3o confirmadas ap\u00f3s o pagamento de um sinal (50%) do valor total por pessoa.<\/p>\n\n\n\n<p><em><strong>Todos os pedidos de reserva ser\u00e3o respondidos pelo mesmo canal no m\u00e1ximo em 48 horas. Tamb\u00e9m pode entrar em contacto connosco atrav\u00e9s de:<\/strong><\/em><\/p>\n\n\n\n<ul class=\"wp-block-list\">\n<li><strong>WhatsApp:<\/strong>&nbsp;+51 969 787221 (24 Hrs)<\/li>\n<\/ul>\n\n\n\n<div class=\"wp-block-group p-3 my-10 has-white-background-color has-background\"><div class=\"wp-block-group__inner-container is-layout-flow wp-block-group-is-layout-flow\"><div class=\"wp-block-image\">\n<figure class=\"alignleft size-full\"><img loading=\"lazy\" decoding=\"async\" width=\"513\" height=\"150\" src=\"https:\/\/dreamyperu.com\/wp-content\/uploads\/paypal-imagen.jpg\" alt=\"\" class=\"wp-image-2145\"\/><\/figure>\n<\/div>\n\n\n<h3 class=\"wp-block-heading\" style=\"font-size:24px\">PAYPAL<\/h3>\n\n\n\n<p>Todos os pagamentos via PayPal est\u00e3o sujeitos a uma taxa adicional de 8%.<\/p>\n\n\n\n<p>&#8212;&#8212;&#8212;&#8212;&#8212;&#8212;&#8212;&#8212;&#8212;&#8212;&#8212;&#8212;&#8212;&#8212;&#8212;&#8212;&#8212;&#8212;&#8212;<\/p>\n\n\n\n<img loading=\"lazy\" decoding=\"async\" alt=\"\" border=\"0\" src=\"https:\/\/www.paypalobjects.com\/es_XC\/i\/scr\/pixel.gif\" width=\"1\" height=\"1\">\n<\/div><\/div>\n\n\n\n<div class=\"wp-block-group p-3 my-10 has-background\" style=\"background-color:#f5f5f5\"><div class=\"wp-block-group__inner-container is-layout-flow wp-block-group-is-layout-flow\"><div class=\"wp-block-image\">\n<figure class=\"alignleft size-full\"><img loading=\"lazy\" decoding=\"async\" width=\"513\" height=\"150\" src=\"https:\/\/dreamyperu.com\/wp-content\/uploads\/bcp-azul.jpg\" alt=\"\" class=\"wp-image-2118\"\/><\/figure>\n<\/div>\n\n\n<h3 class=\"wp-block-heading\" style=\"font-size:24px\">Pago por Banco Credito del Peru BCP<\/h3>\n\n\n\n<ul class=\"wp-block-list\">\n<li><strong><strong>Conta Poupan\u00e7a em D\u00f3lares:<\/strong><\/strong> No. 285-2426849-1-21<\/li>\n\n\n\n<li><strong>CCI<\/strong>: 00228500242684912154<\/li>\n\n\n\n<li><strong>A nome de:<\/strong> INVERSIONES CM TOURS<\/li>\n\n\n\n<li><strong>Endere\u00e7o:<\/strong> Av. El Sol 189 Cusco \u2013 Per\u00fa<\/li>\n<\/ul>\n<\/div><\/div>\n\n\n\n<div class=\"wp-block-group p-3 my-10 has-white-background-color has-background\"><div class=\"wp-block-group__inner-container is-layout-flow wp-block-group-is-layout-flow\"><div class=\"wp-block-image\">\n<figure class=\"alignleft size-full is-resized\"><img loading=\"lazy\" decoding=\"async\" width=\"513\" height=\"150\" src=\"https:\/\/dreamyperu.com\/wp-content\/uploads\/interbank-verde.jpg\" alt=\"\" class=\"wp-image-2140\" style=\"width:513px;height:auto\"\/><\/figure>\n<\/div>\n\n\n<h3 class=\"wp-block-heading\" style=\"font-size:24px\">INTERBANK<\/h3>\n\n\n\n<ul class=\"wp-block-list\">\n<li><strong><strong>C<strong><strong>onta Poupan\u00e7a em D\u00f3lares<\/strong><\/strong>:<\/strong><\/strong> No. 431-3232794876<\/li>\n\n\n\n<li><strong>CCI<\/strong>: 003-431-013232794876-47<\/li>\n\n\n\n<li><strong>A nome de:<\/strong> INVERSIONES CM TOURS<\/li>\n\n\n\n<li><strong><strong>Endere\u00e7o<\/strong>:<\/strong> Av. El Sol 189 Cusco \u2013 Per\u00fa<\/li>\n<\/ul>\n<\/div><\/div>\n","protected":false},"excerpt":{"rendered":"<p>Dreamy Peru, Operamos com elevados padr\u00f5es de qualidade, oferecemos os melhores pacotes tur\u00edsticos de todo [&hellip;]<\/p>\n","protected":false},"author":3,"featured_media":0,"parent":0,"menu_order":0,"comment_status":"closed","ping_status":"closed","template":"","meta":{"_acf_changed":false,"advgb_blocks_editor_width":"","advgb_blocks_columns_visual_guide":"","footnotes":""},"class_list":["post-2529","page","type-page","status-publish","hentry"],"acf":[],"coauthors":[],"author_meta":{"author_link":"https:\/\/dreamyperu.com\/pt-br\/author\/admin_web\/","display_name":"admin_web"},"relative_dates":{"created":"Publicado 1 m\u00eas atr\u00e1s","modified":"Atualizado 1 m\u00eas atr\u00e1s"},"absolute_dates":{"created":"Publicado em 27 fevereiro, 2026","modified":"Atualizado em 2 mar\u00e7o, 2026"},"absolute_dates_time":{"created":"Publicado em 27 fevereiro, 2026 5:40 pm","modified":"Atualizado em 2 mar\u00e7o, 2026 3:46 pm"},"featured_img_caption":"","featured_img":false,"series_order":"","_links":{"self":[{"href":"https:\/\/dreamyperu.com\/pt-br\/wp-json\/wp\/v2\/pages\/2529","targetHints":{"allow":["GET"]}}],"collection":[{"href":"https:\/\/dreamyperu.com\/pt-br\/wp-json\/wp\/v2\/pages"}],"about":[{"href":"https:\/\/dreamyperu.com\/pt-br\/wp-json\/wp\/v2\/types\/page"}],"author":[{"embeddable":true,"href":"https:\/\/dreamyperu.com\/pt-br\/wp-json\/wp\/v2\/users\/3"}],"replies":[{"embeddable":true,"href":"https:\/\/dreamyperu.com\/pt-br\/wp-json\/wp\/v2\/comments?post=2529"}],"version-history":[{"count":4,"href":"https:\/\/dreamyperu.com\/pt-br\/wp-json\/wp\/v2\/pages\/2529\/revisions"}],"predecessor-version":[{"id":2550,"href":"https:\/\/dreamyperu.com\/pt-br\/wp-json\/wp\/v2\/pages\/2529\/revisions\/2550"}],"wp:attachment":[{"href":"https:\/\/dreamyperu.com\/pt-br\/wp-json\/wp\/v2\/media?parent=2529"}],"curies":[{"name":"wp","href":"https:\/\/api.w.org\/{rel}","templated":true}]}}